{"id":1447,"date":"2020-01-06T15:50:32","date_gmt":"2020-01-06T14:50:32","guid":{"rendered":"https:\/\/campinggrimbergen.be\/datenschutz\/"},"modified":"2024-02-06T10:28:22","modified_gmt":"2024-02-06T09:28:22","slug":"datenschutz","status":"publish","type":"page","link":"https:\/\/campinggrimbergen.be\/de\/datenschutz\/","title":{"rendered":"Datenschutz"},"content":{"rendered":"\t\t<div data-elementor-type=\"wp-page\" data-elementor-id=\"1447\" class=\"elementor elementor-1447 elementor-62\" data-elementor-post-type=\"page\">\n\t\t\t\t<div class=\"elementor-element elementor-element-ba38082 e-flex e-con-boxed e-con e-parent\" data-id=\"ba38082\" data-element_type=\"container\" data-e-type=\"container\">\n\t\t\t\t\t<div class=\"e-con-inner\">\n\t\t\t\t<div class=\"elementor-element elementor-element-b8d84f5 elementor-widget elementor-widget-text-editor\" data-id=\"b8d84f5\" data-element_type=\"widget\" data-e-type=\"widget\" data-widget_type=\"text-editor.default\">\n\t\t\t\t<div class=\"elementor-widget-container\">\n\t\t\t\t\t\t\t\t\t\n<div class=\"wp-block-siteorigin-panels-layout-block\">\n<div id=\"pl-62\" class=\"panel-layout\">\n<div id=\"pg-62-0\" class=\"panel-grid panel-has-style\">\n<div class=\"rij1_privacy rij1 panel-row-style panel-row-style-for-62-0\">\n<div id=\"pgc-62-0-0\" class=\"panel-grid-cell\">\n<div id=\"panel-62-0-0-0\" class=\"so-panel widget widget_sow-editor panel-first-child panel-last-child\" data-index=\"0\">\n<div class=\"so-widget-sow-editor so-widget-sow-editor-base\">\n<div class=\"siteorigin-widget-tinymce textwidget\">\n<h1>Datenschutz &amp; Cookies<\/h1>\n<p>Camping Grimbergen, mit Sitz in der Veldkantstraat 64, 1850 Grimbergen, verpflichtet sich, die europ\u00e4ische Datenschutzgesetzgebung AVG (General Data Protection Regulation)\u00b9 zum Schutz personenbezogener Daten zu respektieren und sorgf\u00e4ltig einzuhalten. Diese Verordnungen gelten ab dem 25. Mai 2018. Personenbezogene Daten werden im Einklang mit diesen Rechtsvorschriften behandelt.<\/p>\n<h2>IHRE ZUSTIMMUNG<\/h2>\n<p>Camping Grimbergen verarbeitet personenbezogene Daten nur, um einer gesetzlichen Verpflichtung nachzukommen oder wenn dies f\u00fcr die Erf\u00fcllung eines Vertrags erforderlich ist. Damit erm\u00e4chtigen Sie Camping Grimbergen ausdr\u00fccklich, Ihre personenbezogenen Daten f\u00fcr die vorgesehenen Zwecke zu verarbeiten. Personenbezogene Daten werden nur in sicheren Umgebungen und Systemen verarbeitet. Diese sind nicht \u00f6ffentlich zug\u00e4nglich. Au\u00dferdem erhalten alle unsere Mitarbeiter klare Richtlinien und werden \u00fcber den Umgang mit Ihren personenbezogenen Daten und deren Verarbeitung aufgekl\u00e4rt.<\/p>\n<h2>VERWENDUNG IHRER PERS\u00d6NLICHEN DATEN<\/h2>\n<p><strong>Der Campingplatz Grimbergen garantiert, dass :<\/strong><\/p>\n<ul>\n<li>Ihre pers\u00f6nlichen Daten werden nur erhoben und verarbeitet, um die von Ihnen angeforderte Aufgabe zu erf\u00fcllen oder den gesetzlichen Bestimmungen nachzukommen;<\/li>\n<li>Ihre personenbezogenen Daten werden nur in einem Land der Europ\u00e4ischen Union verarbeitet;<\/li>\n<li>die Verarbeitung Ihrer personenbezogenen Daten auf den vorgesehenen Zweck beschr\u00e4nkt ist;<\/li>\n<li>Ihre personenbezogenen Daten nur f\u00fcr die Dauer der Leistungserbringung aufbewahren, es sei denn, eine l\u00e4ngere Aufbewahrungsfrist ist gesetzlich vorgeschrieben;<\/li>\n<li>Ihre personenbezogenen Daten d\u00fcrfen nur zur Erf\u00fcllung gesetzlicher Verpflichtungen oder auf ausdr\u00fcckliches Ersuchen von Justiz- oder Polizeibeh\u00f6rden an andere Organisationen weitergegeben werden;<\/li>\n<li>In keinem anderen Fall werden Ihre pers\u00f6nlichen Daten an Dritte weitergegeben oder f\u00fcr Direktmarketingzwecke verwendet;<\/li>\n<\/ul>\n<p><strong>Ihre Rechte als betroffene Person<\/strong><\/p>\n<ul>\n<li>Sie haben immer das (gesetzliche) Recht, Ihre pers\u00f6nlichen Daten einzusehen.<\/li>\n<li>Sie haben immer das (gesetzliche) Recht, Ihre personenbezogenen Daten ganz oder teilweise zu erg\u00e4nzen oder zu berichtigen. Wenn Camping Grimbergen keine rechtlichen Gr\u00fcnde mehr f\u00fcr die weitere Verarbeitung Ihrer Daten hat oder wenn Ihre Daten f\u00fcr die beabsichtigte Dienstleistung nicht mehr erforderlich sind, haben Sie das Recht, Ihre personenbezogenen Daten l\u00f6schen zu lassen.<\/li>\n<\/ul>\n<h2>FRAGEN ZUR VERARBEITUNG VON PERSONENBEZOGENEN DATEN<\/h2>\n<p>Fragen zur Verarbeitung Ihrer pers\u00f6nlichen Daten oder Anfragen zu den Daten, die wir f\u00fcr Sie verarbeiten, k\u00f6nnen an den Gesch\u00e4ftsf\u00fchrer gerichtet werden. Dies kann per Post an die Veldkantstraat 64, 1850 Grimbergen, oder per E-Mail an info@campinggrimbergen.be erfolgen. Wir verpflichten uns, Ihre Frage oder Anfrage innerhalb von 20 Arbeitstagen zu beantworten.<\/p>\n<p>Wenn Sie der Meinung sind, dass Ihre Daten unrechtm\u00e4\u00dfig verarbeitet werden, k\u00f6nnen Sie sich jederzeit an die CBPL (Commission for the Protection of Privacy), auch bekannt als Datenschutzkommission, wenden, und zwar unter der E-Mail-Adresse commission@privacycommission.be.<\/p>\n<p>\u00b9 Verordnung (EU) 2016\/679 des Europ\u00e4ischen Parlaments und des Rates vom 27. April 2016 zum Schutz nat\u00fcrlicher Personen bei der Verarbeitung personenbezogener Daten und zum freien Datenverkehr.<\/p>\n<\/div>\n<\/div>\n<\/div>\n<\/div>\n<\/div>\n<\/div>\n<\/div>\n<\/div>\n\t\t\t\t\t\t\t\t<\/div>\n\t\t\t\t<\/div>\n\t\t\t\t\t<\/div>\n\t\t\t\t<\/div>\n\t\t\t\t<\/div>\n\t\t","protected":false},"excerpt":{"rendered":"<p>Datenschutz &amp; Cookies Camping Grimbergen, mit Sitz in der Veldkantstraat 64, 1850 Grimbergen, verpflichtet sich, die europ\u00e4ische Datenschutzgesetzgebung AVG (General Data Protection Regulation)\u00b9 zum Schutz personenbezogener Daten zu respektieren und sorgf\u00e4ltig einzuhalten. Diese Verordnungen gelten ab dem 25. Mai 2018. Personenbezogene Daten werden im Einklang mit diesen Rechtsvorschriften behandelt. IHRE ZUSTIMMUNG Camping Grimbergen verarbeitet personenbezogene [&hellip;]<\/p>\n","protected":false},"author":2,"featured_media":0,"parent":0,"menu_order":0,"comment_status":"closed","ping_status":"closed","template":"","meta":{"footnotes":""},"class_list":["post-1447","page","type-page","status-publish","hentry"],"yoast_head":"<!-- This site is optimized with the Yoast SEO plugin v27.5 - https:\/\/yoast.com\/product\/yoast-seo-wordpress\/ -->\n<title>Datenschutz - Camping Grimbergen<\/title>\n<meta name=\"robots\" content=\"index, follow, max-snippet:-1, max-image-preview:large, max-video-preview:-1\" \/>\n<link rel=\"canonical\" href=\"https:\/\/campinggrimbergen.be\/de\/datenschutz\/\" \/>\n<meta property=\"og:locale\" content=\"de_DE\" \/>\n<meta property=\"og:type\" content=\"article\" \/>\n<meta property=\"og:title\" content=\"Datenschutz - Camping Grimbergen\" \/>\n<meta property=\"og:description\" content=\"Datenschutz &amp; Cookies Camping Grimbergen, mit Sitz in der Veldkantstraat 64, 1850 Grimbergen, verpflichtet sich, die europ\u00e4ische Datenschutzgesetzgebung AVG (General Data Protection Regulation)\u00b9 zum Schutz personenbezogener Daten zu respektieren und sorgf\u00e4ltig einzuhalten. Diese Verordnungen gelten ab dem 25. Mai 2018. Personenbezogene Daten werden im Einklang mit diesen Rechtsvorschriften behandelt. IHRE ZUSTIMMUNG Camping Grimbergen verarbeitet personenbezogene [&hellip;]\" \/>\n<meta property=\"og:url\" content=\"https:\/\/campinggrimbergen.be\/de\/datenschutz\/\" \/>\n<meta property=\"og:site_name\" content=\"Camping Grimbergen\" \/>\n<meta property=\"article:modified_time\" content=\"2024-02-06T09:28:22+00:00\" \/>\n<meta name=\"twitter:card\" content=\"summary_large_image\" \/>\n<meta name=\"twitter:label1\" content=\"Gesch\u00e4tzte Lesezeit\" \/>\n\t<meta name=\"twitter:data1\" content=\"2\u00a0Minuten\" \/>\n<script type=\"application\/ld+json\" class=\"yoast-schema-graph\">{\"@context\":\"https:\\\/\\\/schema.org\",\"@graph\":[{\"@type\":\"WebPage\",\"@id\":\"https:\\\/\\\/campinggrimbergen.be\\\/de\\\/datenschutz\\\/\",\"url\":\"https:\\\/\\\/campinggrimbergen.be\\\/de\\\/datenschutz\\\/\",\"name\":\"Datenschutz - Camping Grimbergen\",\"isPartOf\":{\"@id\":\"https:\\\/\\\/campinggrimbergen.be\\\/de\\\/#website\"},\"datePublished\":\"2020-01-06T14:50:32+00:00\",\"dateModified\":\"2024-02-06T09:28:22+00:00\",\"breadcrumb\":{\"@id\":\"https:\\\/\\\/campinggrimbergen.be\\\/de\\\/datenschutz\\\/#breadcrumb\"},\"inLanguage\":\"de\",\"potentialAction\":[{\"@type\":\"ReadAction\",\"target\":[\"https:\\\/\\\/campinggrimbergen.be\\\/de\\\/datenschutz\\\/\"]}]},{\"@type\":\"BreadcrumbList\",\"@id\":\"https:\\\/\\\/campinggrimbergen.be\\\/de\\\/datenschutz\\\/#breadcrumb\",\"itemListElement\":[{\"@type\":\"ListItem\",\"position\":1,\"name\":\"Home\",\"item\":\"https:\\\/\\\/campinggrimbergen.be\\\/de\\\/\"},{\"@type\":\"ListItem\",\"position\":2,\"name\":\"Datenschutz\"}]},{\"@type\":\"WebSite\",\"@id\":\"https:\\\/\\\/campinggrimbergen.be\\\/de\\\/#website\",\"url\":\"https:\\\/\\\/campinggrimbergen.be\\\/de\\\/\",\"name\":\"Camping Grimbergen\",\"description\":\"\",\"publisher\":{\"@id\":\"https:\\\/\\\/campinggrimbergen.be\\\/de\\\/#organization\"},\"potentialAction\":[{\"@type\":\"SearchAction\",\"target\":{\"@type\":\"EntryPoint\",\"urlTemplate\":\"https:\\\/\\\/campinggrimbergen.be\\\/de\\\/?s={search_term_string}\"},\"query-input\":{\"@type\":\"PropertyValueSpecification\",\"valueRequired\":true,\"valueName\":\"search_term_string\"}}],\"inLanguage\":\"de\"},{\"@type\":\"Organization\",\"@id\":\"https:\\\/\\\/campinggrimbergen.be\\\/de\\\/#organization\",\"name\":\"Camping Grimbergen\",\"url\":\"https:\\\/\\\/campinggrimbergen.be\\\/de\\\/\",\"logo\":{\"@type\":\"ImageObject\",\"inLanguage\":\"de\",\"@id\":\"https:\\\/\\\/campinggrimbergen.be\\\/de\\\/#\\\/schema\\\/logo\\\/image\\\/\",\"url\":\"https:\\\/\\\/campinggrimbergen.be\\\/wp-content\\\/uploads\\\/2022\\\/07\\\/logo.svg\",\"contentUrl\":\"https:\\\/\\\/campinggrimbergen.be\\\/wp-content\\\/uploads\\\/2022\\\/07\\\/logo.svg\",\"width\":369,\"height\":52,\"caption\":\"Camping Grimbergen\"},\"image\":{\"@id\":\"https:\\\/\\\/campinggrimbergen.be\\\/de\\\/#\\\/schema\\\/logo\\\/image\\\/\"}}]}<\/script>\n<!-- \/ Yoast SEO plugin. -->","yoast_head_json":{"title":"Datenschutz - Camping Grimbergen","robots":{"index":"index","follow":"follow","max-snippet":"max-snippet:-1","max-image-preview":"max-image-preview:large","max-video-preview":"max-video-preview:-1"},"canonical":"https:\/\/campinggrimbergen.be\/de\/datenschutz\/","og_locale":"de_DE","og_type":"article","og_title":"Datenschutz - Camping Grimbergen","og_description":"Datenschutz &amp; Cookies Camping Grimbergen, mit Sitz in der Veldkantstraat 64, 1850 Grimbergen, verpflichtet sich, die europ\u00e4ische Datenschutzgesetzgebung AVG (General Data Protection Regulation)\u00b9 zum Schutz personenbezogener Daten zu respektieren und sorgf\u00e4ltig einzuhalten. Diese Verordnungen gelten ab dem 25. Mai 2018. Personenbezogene Daten werden im Einklang mit diesen Rechtsvorschriften behandelt. IHRE ZUSTIMMUNG Camping Grimbergen verarbeitet personenbezogene [&hellip;]","og_url":"https:\/\/campinggrimbergen.be\/de\/datenschutz\/","og_site_name":"Camping Grimbergen","article_modified_time":"2024-02-06T09:28:22+00:00","twitter_card":"summary_large_image","twitter_misc":{"Gesch\u00e4tzte Lesezeit":"2\u00a0Minuten"},"schema":{"@context":"https:\/\/schema.org","@graph":[{"@type":"WebPage","@id":"https:\/\/campinggrimbergen.be\/de\/datenschutz\/","url":"https:\/\/campinggrimbergen.be\/de\/datenschutz\/","name":"Datenschutz - Camping Grimbergen","isPartOf":{"@id":"https:\/\/campinggrimbergen.be\/de\/#website"},"datePublished":"2020-01-06T14:50:32+00:00","dateModified":"2024-02-06T09:28:22+00:00","breadcrumb":{"@id":"https:\/\/campinggrimbergen.be\/de\/datenschutz\/#breadcrumb"},"inLanguage":"de","potentialAction":[{"@type":"ReadAction","target":["https:\/\/campinggrimbergen.be\/de\/datenschutz\/"]}]},{"@type":"BreadcrumbList","@id":"https:\/\/campinggrimbergen.be\/de\/datenschutz\/#breadcrumb","itemListElement":[{"@type":"ListItem","position":1,"name":"Home","item":"https:\/\/campinggrimbergen.be\/de\/"},{"@type":"ListItem","position":2,"name":"Datenschutz"}]},{"@type":"WebSite","@id":"https:\/\/campinggrimbergen.be\/de\/#website","url":"https:\/\/campinggrimbergen.be\/de\/","name":"Camping Grimbergen","description":"","publisher":{"@id":"https:\/\/campinggrimbergen.be\/de\/#organization"},"potentialAction":[{"@type":"SearchAction","target":{"@type":"EntryPoint","urlTemplate":"https:\/\/campinggrimbergen.be\/de\/?s={search_term_string}"},"query-input":{"@type":"PropertyValueSpecification","valueRequired":true,"valueName":"search_term_string"}}],"inLanguage":"de"},{"@type":"Organization","@id":"https:\/\/campinggrimbergen.be\/de\/#organization","name":"Camping Grimbergen","url":"https:\/\/campinggrimbergen.be\/de\/","logo":{"@type":"ImageObject","inLanguage":"de","@id":"https:\/\/campinggrimbergen.be\/de\/#\/schema\/logo\/image\/","url":"https:\/\/campinggrimbergen.be\/wp-content\/uploads\/2022\/07\/logo.svg","contentUrl":"https:\/\/campinggrimbergen.be\/wp-content\/uploads\/2022\/07\/logo.svg","width":369,"height":52,"caption":"Camping Grimbergen"},"image":{"@id":"https:\/\/campinggrimbergen.be\/de\/#\/schema\/logo\/image\/"}}]}},"_links":{"self":[{"href":"https:\/\/campinggrimbergen.be\/de\/wp-json\/wp\/v2\/pages\/1447","targetHints":{"allow":["GET"]}}],"collection":[{"href":"https:\/\/campinggrimbergen.be\/de\/wp-json\/wp\/v2\/pages"}],"about":[{"href":"https:\/\/campinggrimbergen.be\/de\/wp-json\/wp\/v2\/types\/page"}],"author":[{"embeddable":true,"href":"https:\/\/campinggrimbergen.be\/de\/wp-json\/wp\/v2\/users\/2"}],"replies":[{"embeddable":true,"href":"https:\/\/campinggrimbergen.be\/de\/wp-json\/wp\/v2\/comments?post=1447"}],"version-history":[{"count":1,"href":"https:\/\/campinggrimbergen.be\/de\/wp-json\/wp\/v2\/pages\/1447\/revisions"}],"predecessor-version":[{"id":1448,"href":"https:\/\/campinggrimbergen.be\/de\/wp-json\/wp\/v2\/pages\/1447\/revisions\/1448"}],"wp:attachment":[{"href":"https:\/\/campinggrimbergen.be\/de\/wp-json\/wp\/v2\/media?parent=1447"}],"curies":[{"name":"wp","href":"https:\/\/api.w.org\/{rel}","templated":true}]}}