{"id":898,"date":"2023-12-29T10:30:36","date_gmt":"2023-12-29T09:30:36","guid":{"rendered":"https:\/\/campinggrimbergen.be\/hausordnung\/"},"modified":"2024-02-05T15:54:16","modified_gmt":"2024-02-05T14:54:16","slug":"hausordnung","status":"publish","type":"page","link":"https:\/\/campinggrimbergen.be\/de\/hausordnung\/","title":{"rendered":"Hausordnung"},"content":{"rendered":"\t\t<div data-elementor-type=\"wp-page\" data-elementor-id=\"898\" class=\"elementor elementor-898 elementor-873\" data-elementor-post-type=\"page\">\n\t\t\t\t<div class=\"elementor-element elementor-element-3de096a e-flex e-con-boxed e-con e-parent\" data-id=\"3de096a\" data-element_type=\"container\" data-e-type=\"container\" data-settings=\"{&quot;background_background&quot;:&quot;classic&quot;}\">\n\t\t\t\t\t<div class=\"e-con-inner\">\n\t\t\t\t<div class=\"elementor-element elementor-element-893b42d elementor-widget elementor-widget-text-editor\" data-id=\"893b42d\" data-element_type=\"widget\" data-e-type=\"widget\" data-widget_type=\"text-editor.default\">\n\t\t\t\t<div class=\"elementor-widget-container\">\n\t\t\t\t\t\t\t\t\t<h1 class=\"w-text \">Hausordnung auf dem Campingplatz<\/h1>\n\t\t\t\t\t\t\t\t<\/div>\n\t\t\t\t<\/div>\n\t\t\t\t<div class=\"elementor-element elementor-element-da279a2 elementor-widget elementor-widget-text-editor\" data-id=\"da279a2\" data-element_type=\"widget\" data-e-type=\"widget\" data-widget_type=\"text-editor.default\">\n\t\t\t\t<div class=\"elementor-widget-container\">\n\t\t\t\t\t\t\t\t\t<div id=\"webs-bin-5564347c0cf2e2c702592c0f\" class=\"webs-bin\">\n<div class=\"webs-bin-wrap\">\n<div class=\"webs-container webs-module-title w-title-default\">\n<p><strong><span class=\"wz-bold\">Aktualisierung in Bezug auf COVID-19 (03\/2022):<\/span><\/strong><\/p>\n<p>Der Campingplatz ist wieder ge\u00f6ffnet. Alle Einrichtungen k\u00f6nnen genutzt werden. Alle Sicherheitsma\u00dfnahmen wurden aufgehoben.  <\/p>\n<\/div>\n<\/div>\n<\/div>\n\t\t\t\t\t\t\t\t<\/div>\n\t\t\t\t<\/div>\n\t\t\t\t<div class=\"elementor-element elementor-element-b568e11 elementor-widget elementor-widget-text-editor\" data-id=\"b568e11\" data-element_type=\"widget\" data-e-type=\"widget\" data-widget_type=\"text-editor.default\">\n\t\t\t\t<div class=\"elementor-widget-container\">\n\t\t\t\t\t\t\t\t\t<div id=\"webs-bin-5564347c0cf2e2c702592c0f\" class=\"webs-bin\">\n<div class=\"webs-bin-wrap\">\n<div class=\"webs-container webs-module-title w-title-default\">\n<p class=\"w-text \" style=\"text-align: left;\">1. Jeder Camper muss die Polizeiverordnungen und die Hausordnung lesen und zur Kenntnis nehmen.<\/p>\n<\/div>\n<\/div>\n<\/div>\n<div id=\"webs-bin-5564347c0cf2e2c702592c10\" class=\"webs-bin\">\n<div class=\"webs-bin-wrap\">\n<div class=\"webs-container webs-module-text \">\n<div class=\"webs-text \">\n<p>2. Sowohl der Camper als auch Besucher sind verpflichtet, sich unter Beachtung der gesetzlichen Vorschriften bei ihrer Ankunft zur Eintragung anzumelden. Des Weiteren hat der Camper die Pflicht, seine Abreise zu melden, da sonst angenommen wird, dass er die Nacht auf dem Campingplatz verbracht hat. <\/p>\n<p>3. Der Eigent\u00fcmer oder Mieter eines Zelts, Wohnwagens oder Wohnmobils haftet pers\u00f6nlich f\u00fcr alle diejenige, die die Nacht unter seinem Dach verbracht haben.<\/p>\n<p>4. Der Campingplatzbetreiber oder sein Stellvertreter hat jederzeit das Recht, jedem in jeder Form Zugang zu seinem Campingplatz zu verweigern.<\/p>\n<p>5. Sch\u00e4den m\u00fcssen durch die Person verg\u00fctet werden, die diese verursacht hat. Die Eltern oder deren Stellvertreter sind stets f\u00fcr das Verhalten ihrer Kinder verantwortlich. Alle gef\u00e4hrlichen und\/oder behindernden Spiele sind verboten. Der Besitz von Waffen ist auf dem gesamten Campingplatz verboten.   <\/p>\n<p>6. Das Angebot von Waren und\/oder Getr\u00e4nken zum Verkauf sowie das Vertreiben von Druckwaren sind verboten, es sei denn, der Campingplatzbetreiber hat dies ausdr\u00fccklich genehmigt.<\/p>\n<p>7. Haltung, Kleidung, Verhalten und\/oder Meinungsverschiedenheiten d\u00fcrfen keinen Ansto\u00df erregen.<\/p>\n<p>8. Alles, was die Sicherheit, Hygiene, Ordnung und Ruhe st\u00f6ren k\u00f6nnte, ist verboten. Besonders w\u00e4hrend der Nachtruhe, die um 22 Uhr beginnt und bis 8 Uhr am n\u00e4chsten Morgen anh\u00e4lt. Jeder muss pers\u00f6nlich daf\u00fcr sorgen, dass sein Radio oder ein anderes Audioger\u00e4t niemanden st\u00f6rt.  <\/p>\n<p>9. Die Camper sind f\u00fcr Ordnung und Anstand sowie Sauberkeit in und um ihr Zelt, Wohnwagen oder Wohnmobil verantwortlich.<\/p>\n<p>10. Das Ausheben von Gruben und Gr\u00e4ben rund um die Campinganlage ist strengstens untersagt.<\/p>\n<p>11. Im Sanit\u00e4rgeb\u00e4ude hat sich der Camper so zu verhalten, dass er die Einrichtungen in dem Zustand verl\u00e4sst, in dem er sie vorfinden m\u00f6chte. Die Verwendung von Hygienepapier ist Pflicht. <\/p>\n<p>12. Der gesamte M\u00fcll muss in den daf\u00fcr vorgesehenen Einrichtungen entsorgt werden.<\/p>\n<p>13. Kein Camper verl\u00e4sst den Campingplatz, bevor seine Campingparzelle nicht ordentlich aufger\u00e4umt ist.<\/p>\n<p>14. Etwaige Sch\u00e4den oder Unf\u00e4lle werden dem Campingplatzbetreiber oder seinem Stellvertreter unverz\u00fcglich gemeldet. Der Erste-Hilfe-Kasten befindet sich im Empfangsb\u00fcro. F\u00fcr den Notfall stehen immer Feuerl\u00f6scher zur Verf\u00fcgung.  <\/p>\n<p>15. Haustiere m\u00fcssen jederzeit an der Leine gef\u00fchrt werden. Die Impfung gegen Tollwut ist gesetzlich vorgeschrieben. <\/p>\n<p>16. Respektieren Sie die Pflanzen. Es d\u00fcrfen keine Dr\u00e4hte an den B\u00e4umen befestigt werden. Das Trocknen von W\u00e4sche sollte diskret erfolgen.  <\/p>\n<p>17. Jeder Camper muss den f\u00fcr seine Einrichtung bzw. sein Fahrzeug den vorgesehenen Stellplatz akzeptieren.<\/p>\n<p>18. Die vorgeschriebenen Geschwindigkeitsbegrenzungen m\u00fcssen eingehalten werden.<\/p>\n<p>19. Das Parken auf Zufahrtsstra\u00dfen und Innenwegen ist verboten. <\/p>\n<\/div>\n<\/div>\n<\/div>\n<\/div>\n\t\t\t\t\t\t\t\t<\/div>\n\t\t\t\t<\/div>\n\t\t\t\t\t<\/div>\n\t\t\t\t<\/div>\n\t\t\t\t<\/div>\n\t\t","protected":false},"excerpt":{"rendered":"<p>Hausordnung auf dem Campingplatz Aktualisierung in Bezug auf COVID-19 (03\/2022): Der Campingplatz ist wieder ge\u00f6ffnet. Alle Einrichtungen k\u00f6nnen genutzt werden. Alle Sicherheitsma\u00dfnahmen wurden aufgehoben. 1. Jeder Camper muss die Polizeiverordnungen und die Hausordnung lesen und zur Kenntnis nehmen. 2. Sowohl der Camper als auch Besucher sind verpflichtet, sich unter Beachtung der gesetzlichen Vorschriften bei ihrer [&hellip;]<\/p>\n","protected":false},"author":2,"featured_media":0,"parent":0,"menu_order":0,"comment_status":"closed","ping_status":"closed","template":"","meta":{"footnotes":""},"class_list":["post-898","page","type-page","status-publish","hentry"],"yoast_head":"<!-- This site is optimized with the Yoast SEO plugin v27.5 - https:\/\/yoast.com\/product\/yoast-seo-wordpress\/ -->\n<title>Hausordnung - Camping Grimbergen<\/title>\n<meta name=\"robots\" content=\"index, follow, max-snippet:-1, max-image-preview:large, max-video-preview:-1\" \/>\n<link rel=\"canonical\" href=\"https:\/\/campinggrimbergen.be\/de\/hausordnung\/\" \/>\n<meta property=\"og:locale\" content=\"de_DE\" \/>\n<meta property=\"og:type\" content=\"article\" \/>\n<meta property=\"og:title\" content=\"Hausordnung - Camping Grimbergen\" \/>\n<meta property=\"og:description\" content=\"Hausordnung auf dem Campingplatz Aktualisierung in Bezug auf COVID-19 (03\/2022): Der Campingplatz ist wieder ge\u00f6ffnet. Alle Einrichtungen k\u00f6nnen genutzt werden. Alle Sicherheitsma\u00dfnahmen wurden aufgehoben. 1. Jeder Camper muss die Polizeiverordnungen und die Hausordnung lesen und zur Kenntnis nehmen. 2. Sowohl der Camper als auch Besucher sind verpflichtet, sich unter Beachtung der gesetzlichen Vorschriften bei ihrer [&hellip;]\" \/>\n<meta property=\"og:url\" content=\"https:\/\/campinggrimbergen.be\/de\/hausordnung\/\" \/>\n<meta property=\"og:site_name\" content=\"Camping Grimbergen\" \/>\n<meta property=\"article:modified_time\" content=\"2024-02-05T14:54:16+00:00\" \/>\n<meta name=\"twitter:card\" content=\"summary_large_image\" \/>\n<meta name=\"twitter:label1\" content=\"Gesch\u00e4tzte Lesezeit\" \/>\n\t<meta name=\"twitter:data1\" content=\"2\u00a0Minuten\" \/>\n<script type=\"application\/ld+json\" class=\"yoast-schema-graph\">{\"@context\":\"https:\\\/\\\/schema.org\",\"@graph\":[{\"@type\":\"WebPage\",\"@id\":\"https:\\\/\\\/campinggrimbergen.be\\\/de\\\/hausordnung\\\/\",\"url\":\"https:\\\/\\\/campinggrimbergen.be\\\/de\\\/hausordnung\\\/\",\"name\":\"Hausordnung - Camping Grimbergen\",\"isPartOf\":{\"@id\":\"https:\\\/\\\/campinggrimbergen.be\\\/de\\\/#website\"},\"datePublished\":\"2023-12-29T09:30:36+00:00\",\"dateModified\":\"2024-02-05T14:54:16+00:00\",\"breadcrumb\":{\"@id\":\"https:\\\/\\\/campinggrimbergen.be\\\/de\\\/hausordnung\\\/#breadcrumb\"},\"inLanguage\":\"de\",\"potentialAction\":[{\"@type\":\"ReadAction\",\"target\":[\"https:\\\/\\\/campinggrimbergen.be\\\/de\\\/hausordnung\\\/\"]}]},{\"@type\":\"BreadcrumbList\",\"@id\":\"https:\\\/\\\/campinggrimbergen.be\\\/de\\\/hausordnung\\\/#breadcrumb\",\"itemListElement\":[{\"@type\":\"ListItem\",\"position\":1,\"name\":\"Home\",\"item\":\"https:\\\/\\\/campinggrimbergen.be\\\/de\\\/\"},{\"@type\":\"ListItem\",\"position\":2,\"name\":\"Hausordnung\"}]},{\"@type\":\"WebSite\",\"@id\":\"https:\\\/\\\/campinggrimbergen.be\\\/de\\\/#website\",\"url\":\"https:\\\/\\\/campinggrimbergen.be\\\/de\\\/\",\"name\":\"Camping Grimbergen\",\"description\":\"\",\"publisher\":{\"@id\":\"https:\\\/\\\/campinggrimbergen.be\\\/de\\\/#organization\"},\"potentialAction\":[{\"@type\":\"SearchAction\",\"target\":{\"@type\":\"EntryPoint\",\"urlTemplate\":\"https:\\\/\\\/campinggrimbergen.be\\\/de\\\/?s={search_term_string}\"},\"query-input\":{\"@type\":\"PropertyValueSpecification\",\"valueRequired\":true,\"valueName\":\"search_term_string\"}}],\"inLanguage\":\"de\"},{\"@type\":\"Organization\",\"@id\":\"https:\\\/\\\/campinggrimbergen.be\\\/de\\\/#organization\",\"name\":\"Camping Grimbergen\",\"url\":\"https:\\\/\\\/campinggrimbergen.be\\\/de\\\/\",\"logo\":{\"@type\":\"ImageObject\",\"inLanguage\":\"de\",\"@id\":\"https:\\\/\\\/campinggrimbergen.be\\\/de\\\/#\\\/schema\\\/logo\\\/image\\\/\",\"url\":\"https:\\\/\\\/campinggrimbergen.be\\\/wp-content\\\/uploads\\\/2022\\\/07\\\/logo.svg\",\"contentUrl\":\"https:\\\/\\\/campinggrimbergen.be\\\/wp-content\\\/uploads\\\/2022\\\/07\\\/logo.svg\",\"width\":369,\"height\":52,\"caption\":\"Camping Grimbergen\"},\"image\":{\"@id\":\"https:\\\/\\\/campinggrimbergen.be\\\/de\\\/#\\\/schema\\\/logo\\\/image\\\/\"}}]}<\/script>\n<!-- \/ Yoast SEO plugin. -->","yoast_head_json":{"title":"Hausordnung - Camping Grimbergen","robots":{"index":"index","follow":"follow","max-snippet":"max-snippet:-1","max-image-preview":"max-image-preview:large","max-video-preview":"max-video-preview:-1"},"canonical":"https:\/\/campinggrimbergen.be\/de\/hausordnung\/","og_locale":"de_DE","og_type":"article","og_title":"Hausordnung - Camping Grimbergen","og_description":"Hausordnung auf dem Campingplatz Aktualisierung in Bezug auf COVID-19 (03\/2022): Der Campingplatz ist wieder ge\u00f6ffnet. Alle Einrichtungen k\u00f6nnen genutzt werden. Alle Sicherheitsma\u00dfnahmen wurden aufgehoben. 1. Jeder Camper muss die Polizeiverordnungen und die Hausordnung lesen und zur Kenntnis nehmen. 2. Sowohl der Camper als auch Besucher sind verpflichtet, sich unter Beachtung der gesetzlichen Vorschriften bei ihrer [&hellip;]","og_url":"https:\/\/campinggrimbergen.be\/de\/hausordnung\/","og_site_name":"Camping Grimbergen","article_modified_time":"2024-02-05T14:54:16+00:00","twitter_card":"summary_large_image","twitter_misc":{"Gesch\u00e4tzte Lesezeit":"2\u00a0Minuten"},"schema":{"@context":"https:\/\/schema.org","@graph":[{"@type":"WebPage","@id":"https:\/\/campinggrimbergen.be\/de\/hausordnung\/","url":"https:\/\/campinggrimbergen.be\/de\/hausordnung\/","name":"Hausordnung - Camping Grimbergen","isPartOf":{"@id":"https:\/\/campinggrimbergen.be\/de\/#website"},"datePublished":"2023-12-29T09:30:36+00:00","dateModified":"2024-02-05T14:54:16+00:00","breadcrumb":{"@id":"https:\/\/campinggrimbergen.be\/de\/hausordnung\/#breadcrumb"},"inLanguage":"de","potentialAction":[{"@type":"ReadAction","target":["https:\/\/campinggrimbergen.be\/de\/hausordnung\/"]}]},{"@type":"BreadcrumbList","@id":"https:\/\/campinggrimbergen.be\/de\/hausordnung\/#breadcrumb","itemListElement":[{"@type":"ListItem","position":1,"name":"Home","item":"https:\/\/campinggrimbergen.be\/de\/"},{"@type":"ListItem","position":2,"name":"Hausordnung"}]},{"@type":"WebSite","@id":"https:\/\/campinggrimbergen.be\/de\/#website","url":"https:\/\/campinggrimbergen.be\/de\/","name":"Camping Grimbergen","description":"","publisher":{"@id":"https:\/\/campinggrimbergen.be\/de\/#organization"},"potentialAction":[{"@type":"SearchAction","target":{"@type":"EntryPoint","urlTemplate":"https:\/\/campinggrimbergen.be\/de\/?s={search_term_string}"},"query-input":{"@type":"PropertyValueSpecification","valueRequired":true,"valueName":"search_term_string"}}],"inLanguage":"de"},{"@type":"Organization","@id":"https:\/\/campinggrimbergen.be\/de\/#organization","name":"Camping Grimbergen","url":"https:\/\/campinggrimbergen.be\/de\/","logo":{"@type":"ImageObject","inLanguage":"de","@id":"https:\/\/campinggrimbergen.be\/de\/#\/schema\/logo\/image\/","url":"https:\/\/campinggrimbergen.be\/wp-content\/uploads\/2022\/07\/logo.svg","contentUrl":"https:\/\/campinggrimbergen.be\/wp-content\/uploads\/2022\/07\/logo.svg","width":369,"height":52,"caption":"Camping Grimbergen"},"image":{"@id":"https:\/\/campinggrimbergen.be\/de\/#\/schema\/logo\/image\/"}}]}},"_links":{"self":[{"href":"https:\/\/campinggrimbergen.be\/de\/wp-json\/wp\/v2\/pages\/898","targetHints":{"allow":["GET"]}}],"collection":[{"href":"https:\/\/campinggrimbergen.be\/de\/wp-json\/wp\/v2\/pages"}],"about":[{"href":"https:\/\/campinggrimbergen.be\/de\/wp-json\/wp\/v2\/types\/page"}],"author":[{"embeddable":true,"href":"https:\/\/campinggrimbergen.be\/de\/wp-json\/wp\/v2\/users\/2"}],"replies":[{"embeddable":true,"href":"https:\/\/campinggrimbergen.be\/de\/wp-json\/wp\/v2\/comments?post=898"}],"version-history":[{"count":4,"href":"https:\/\/campinggrimbergen.be\/de\/wp-json\/wp\/v2\/pages\/898\/revisions"}],"predecessor-version":[{"id":1387,"href":"https:\/\/campinggrimbergen.be\/de\/wp-json\/wp\/v2\/pages\/898\/revisions\/1387"}],"wp:attachment":[{"href":"https:\/\/campinggrimbergen.be\/de\/wp-json\/wp\/v2\/media?parent=898"}],"curies":[{"name":"wp","href":"https:\/\/api.w.org\/{rel}","templated":true}]}}