{"id":1445,"date":"2020-01-06T15:50:32","date_gmt":"2020-01-06T14:50:32","guid":{"rendered":"https:\/\/campinggrimbergen.be\/confidentialite\/"},"modified":"2024-02-06T10:22:47","modified_gmt":"2024-02-06T09:22:47","slug":"confidentialite","status":"publish","type":"page","link":"https:\/\/campinggrimbergen.be\/fr\/confidentialite\/","title":{"rendered":"Confidentialit\u00e9"},"content":{"rendered":"\t\t<div data-elementor-type=\"wp-page\" data-elementor-id=\"1445\" class=\"elementor elementor-1445 elementor-62\" data-elementor-post-type=\"page\">\n\t\t\t\t<div class=\"elementor-element elementor-element-ba38082 e-flex e-con-boxed e-con e-parent\" data-id=\"ba38082\" data-element_type=\"container\" data-e-type=\"container\">\n\t\t\t\t\t<div class=\"e-con-inner\">\n\t\t\t\t<div class=\"elementor-element elementor-element-b8d84f5 elementor-widget elementor-widget-text-editor\" data-id=\"b8d84f5\" data-element_type=\"widget\" data-e-type=\"widget\" data-widget_type=\"text-editor.default\">\n\t\t\t\t<div class=\"elementor-widget-container\">\n\t\t\t\t\t\t\t\t\t\n<div class=\"wp-block-siteorigin-panels-layout-block\">\n<div id=\"pl-62\" class=\"panel-layout\">\n<div id=\"pg-62-0\" class=\"panel-grid panel-has-style\">\n<div class=\"rij1_privacy rij1 panel-row-style panel-row-style-for-62-0\">\n<div id=\"pgc-62-0-0\" class=\"panel-grid-cell\">\n<div id=\"panel-62-0-0-0\" class=\"so-panel widget widget_sow-editor panel-first-child panel-last-child\" data-index=\"0\">\n<div class=\"so-widget-sow-editor so-widget-sow-editor-base\">\n<div class=\"siteorigin-widget-tinymce textwidget\">\n<h1>Confidentialit\u00e9 et cookies<\/h1>\n<p>Le Camping Grimbergen, dont le si\u00e8ge social est situ\u00e9 Veldkantstraat 64, 1850 Grimbergen, s&rsquo;engage \u00e0 respecter et \u00e0 se conformer scrupuleusement \u00e0 la l\u00e9gislation europ\u00e9enne AVG (General Data Protection Regulation)\u00b9 sur la protection des donn\u00e9es \u00e0 caract\u00e8re personnel. Ce r\u00e8glement s&rsquo;applique \u00e0 partir du 25 mai 2018. a Les donn\u00e9es personnelles seront trait\u00e9es conform\u00e9ment \u00e0 cette l\u00e9gislation.<\/p>\n<h2>VOTRE CONSENTEMENT<\/h2>\n<p>Le Camping Grimbergen ne traite les donn\u00e9es personnelles que pour se conformer \u00e0 une obligation l\u00e9gale ou pour l&rsquo;ex\u00e9cution d&rsquo;un contrat. Ce faisant, vous autorisez express\u00e9ment le Camping Grimbergen \u00e0 traiter vos donn\u00e9es personnelles aux fins pr\u00e9vues. Les donn\u00e9es personnelles ne sont trait\u00e9es que dans des environnements et des syst\u00e8mes s\u00e9curis\u00e9s. Elles ne sont pas ouvertes au public. Tous nos employ\u00e9s re\u00e7oivent \u00e9galement des directives claires et sont sensibilis\u00e9s \u00e0 la mani\u00e8re de g\u00e9rer et de traiter vos donn\u00e9es \u00e0 caract\u00e8re personnel.<\/p>\n<h2>UTILISATION DE VOS DONN\u00c9ES PERSONNELLES<\/h2>\n<p><strong>Le Camping Grimbergen garantit que :<\/strong><\/p>\n<ul>\n<li>vos donn\u00e9es personnelles ne sont collect\u00e9es et trait\u00e9es que pour ex\u00e9cuter la t\u00e2che que vous avez demand\u00e9e ou pour se conformer aux services juridiques ;<\/li>\n<li>vos donn\u00e9es personnelles ne seront trait\u00e9es que dans un pays appartenant \u00e0 l&rsquo;Union europ\u00e9enne ;<\/li>\n<li>le traitement de vos donn\u00e9es \u00e0 caract\u00e8re personnel est limit\u00e9 \u00e0 la finalit\u00e9 pr\u00e9vue ;<\/li>\n<li>conserver vos donn\u00e9es \u00e0 caract\u00e8re personnel uniquement pendant la p\u00e9riode de prestation de services, \u00e0 moins qu&rsquo;une p\u00e9riode de conservation l\u00e9gale plus longue ne soit requise ;<\/li>\n<li>vos donn\u00e9es personnelles ne peuvent \u00eatre transmises \u00e0 d&rsquo;autres organisations que pour respecter des obligations l\u00e9gales, ou \u00e0 la demande expresse des autorit\u00e9s judiciaires ou des forces de police ;<\/li>\n<li>En aucun cas vos donn\u00e9es personnelles ne seront transmises \u00e0 des tiers ou utilis\u00e9es \u00e0 des fins de marketing direct ;<\/li>\n<\/ul>\n<p><strong>Vos droits en tant que personne concern\u00e9e<\/strong><\/p>\n<ul>\n<li>Vous avez toujours le droit (l\u00e9gal) de consulter vos donn\u00e9es personnelles.<\/li>\n<li>Vous avez toujours le droit (l\u00e9gal) de compl\u00e9ter ou de corriger tout ou partie de vos donn\u00e9es personnelles. Si le Camping Grimbergen n&rsquo;a plus de raison l\u00e9gale de poursuivre le traitement de vos donn\u00e9es, ou si vos donn\u00e9es ne sont plus n\u00e9cessaires pour le service pr\u00e9vu, vous avez le droit de faire effacer vos donn\u00e9es personnelles.<\/li>\n<\/ul>\n<h2>QUESTIONS CONCERNANT LE TRAITEMENT DES DONN\u00c9ES PERSONNELLES<\/h2>\n<p>Les questions relatives au traitement de vos donn\u00e9es personnelles ou les demandes concernant les donn\u00e9es que nous traitons pour vous peuvent \u00eatre adress\u00e9es au directeur. Vous pouvez le faire par courrier adress\u00e9 \u00e0 Veldkantstraat 64, 1850 Grimbergen, ou en envoyant un e-mail \u00e0 info@campinggrimbergen.be. Nous nous engageons \u00e0 r\u00e9pondre \u00e0 votre question ou \u00e0 votre demande dans un d\u00e9lai de 20 jours ouvrables.<\/p>\n<p>Si vous estimez que vos donn\u00e9es sont trait\u00e9es de mani\u00e8re ill\u00e9gale, vous pouvez \u00e9galement contacter \u00e0 tout moment la CBPL (Commission pour la protection de la vie priv\u00e9e), \u00e9galement appel\u00e9e Commission de la protection de la vie priv\u00e9e, en utilisant l&rsquo;adresse \u00e9lectronique commission@privacycommission.be.<\/p>\n<p>\u00b9 R\u00e8glement (UE) 2016\/679 du Parlement europ\u00e9en et du Conseil du 27 avril 2016 relatif \u00e0 la protection des personnes physiques \u00e0 l&rsquo;\u00e9gard du traitement des donn\u00e9es \u00e0 caract\u00e8re personnel et \u00e0 la libre circulation de ces donn\u00e9es.<\/p>\n<\/div>\n<\/div>\n<\/div>\n<\/div>\n<\/div>\n<\/div>\n<\/div>\n<\/div>\n\t\t\t\t\t\t\t\t<\/div>\n\t\t\t\t<\/div>\n\t\t\t\t\t<\/div>\n\t\t\t\t<\/div>\n\t\t\t\t<\/div>\n\t\t","protected":false},"excerpt":{"rendered":"<p>Confidentialit\u00e9 et cookies Le Camping Grimbergen, dont le si\u00e8ge social est situ\u00e9 Veldkantstraat 64, 1850 Grimbergen, s&rsquo;engage \u00e0 respecter et \u00e0 se conformer scrupuleusement \u00e0 la l\u00e9gislation europ\u00e9enne AVG (General Data Protection Regulation)\u00b9 sur la protection des donn\u00e9es \u00e0 caract\u00e8re personnel. Ce r\u00e8glement s&rsquo;applique \u00e0 partir du 25 mai 2018. a Les donn\u00e9es personnelles seront [&hellip;]<\/p>\n","protected":false},"author":2,"featured_media":0,"parent":0,"menu_order":0,"comment_status":"closed","ping_status":"closed","template":"","meta":{"footnotes":""},"class_list":["post-1445","page","type-page","status-publish","hentry"],"yoast_head":"<!-- This site is optimized with the Yoast SEO plugin v27.3 - https:\/\/yoast.com\/product\/yoast-seo-wordpress\/ -->\n<title>Confidentialit\u00e9 - Camping Grimbergen<\/title>\n<meta name=\"robots\" content=\"index, follow, max-snippet:-1, max-image-preview:large, max-video-preview:-1\" \/>\n<link rel=\"canonical\" href=\"https:\/\/campinggrimbergen.be\/fr\/confidentialite\/\" \/>\n<meta property=\"og:locale\" content=\"fr_FR\" \/>\n<meta property=\"og:type\" content=\"article\" \/>\n<meta property=\"og:title\" content=\"Confidentialit\u00e9 - Camping Grimbergen\" \/>\n<meta property=\"og:description\" content=\"Confidentialit\u00e9 et cookies Le Camping Grimbergen, dont le si\u00e8ge social est situ\u00e9 Veldkantstraat 64, 1850 Grimbergen, s&rsquo;engage \u00e0 respecter et \u00e0 se conformer scrupuleusement \u00e0 la l\u00e9gislation europ\u00e9enne AVG (General Data Protection Regulation)\u00b9 sur la protection des donn\u00e9es \u00e0 caract\u00e8re personnel. Ce r\u00e8glement s&rsquo;applique \u00e0 partir du 25 mai 2018. a Les donn\u00e9es personnelles seront [&hellip;]\" \/>\n<meta property=\"og:url\" content=\"https:\/\/campinggrimbergen.be\/fr\/confidentialite\/\" \/>\n<meta property=\"og:site_name\" content=\"Camping Grimbergen\" \/>\n<meta property=\"article:modified_time\" content=\"2024-02-06T09:22:47+00:00\" \/>\n<meta name=\"twitter:card\" content=\"summary_large_image\" \/>\n<meta name=\"twitter:label1\" content=\"Dur\u00e9e de lecture estim\u00e9e\" \/>\n\t<meta name=\"twitter:data1\" content=\"3 minutes\" \/>\n<script type=\"application\/ld+json\" class=\"yoast-schema-graph\">{\"@context\":\"https:\\\/\\\/schema.org\",\"@graph\":[{\"@type\":\"WebPage\",\"@id\":\"https:\\\/\\\/campinggrimbergen.be\\\/fr\\\/confidentialite\\\/\",\"url\":\"https:\\\/\\\/campinggrimbergen.be\\\/fr\\\/confidentialite\\\/\",\"name\":\"Confidentialit\u00e9 - Camping Grimbergen\",\"isPartOf\":{\"@id\":\"https:\\\/\\\/campinggrimbergen.be\\\/fr\\\/#website\"},\"datePublished\":\"2020-01-06T14:50:32+00:00\",\"dateModified\":\"2024-02-06T09:22:47+00:00\",\"breadcrumb\":{\"@id\":\"https:\\\/\\\/campinggrimbergen.be\\\/fr\\\/confidentialite\\\/#breadcrumb\"},\"inLanguage\":\"fr-FR\",\"potentialAction\":[{\"@type\":\"ReadAction\",\"target\":[\"https:\\\/\\\/campinggrimbergen.be\\\/fr\\\/confidentialite\\\/\"]}]},{\"@type\":\"BreadcrumbList\",\"@id\":\"https:\\\/\\\/campinggrimbergen.be\\\/fr\\\/confidentialite\\\/#breadcrumb\",\"itemListElement\":[{\"@type\":\"ListItem\",\"position\":1,\"name\":\"Home\",\"item\":\"https:\\\/\\\/campinggrimbergen.be\\\/fr\\\/\"},{\"@type\":\"ListItem\",\"position\":2,\"name\":\"Confidentialit\u00e9\"}]},{\"@type\":\"WebSite\",\"@id\":\"https:\\\/\\\/campinggrimbergen.be\\\/fr\\\/#website\",\"url\":\"https:\\\/\\\/campinggrimbergen.be\\\/fr\\\/\",\"name\":\"Camping Grimbergen\",\"description\":\"\",\"publisher\":{\"@id\":\"https:\\\/\\\/campinggrimbergen.be\\\/fr\\\/#organization\"},\"potentialAction\":[{\"@type\":\"SearchAction\",\"target\":{\"@type\":\"EntryPoint\",\"urlTemplate\":\"https:\\\/\\\/campinggrimbergen.be\\\/fr\\\/?s={search_term_string}\"},\"query-input\":{\"@type\":\"PropertyValueSpecification\",\"valueRequired\":true,\"valueName\":\"search_term_string\"}}],\"inLanguage\":\"fr-FR\"},{\"@type\":\"Organization\",\"@id\":\"https:\\\/\\\/campinggrimbergen.be\\\/fr\\\/#organization\",\"name\":\"Camping Grimbergen\",\"url\":\"https:\\\/\\\/campinggrimbergen.be\\\/fr\\\/\",\"logo\":{\"@type\":\"ImageObject\",\"inLanguage\":\"fr-FR\",\"@id\":\"https:\\\/\\\/campinggrimbergen.be\\\/fr\\\/#\\\/schema\\\/logo\\\/image\\\/\",\"url\":\"https:\\\/\\\/campinggrimbergen.be\\\/wp-content\\\/uploads\\\/2022\\\/07\\\/logo.svg\",\"contentUrl\":\"https:\\\/\\\/campinggrimbergen.be\\\/wp-content\\\/uploads\\\/2022\\\/07\\\/logo.svg\",\"width\":369,\"height\":52,\"caption\":\"Camping Grimbergen\"},\"image\":{\"@id\":\"https:\\\/\\\/campinggrimbergen.be\\\/fr\\\/#\\\/schema\\\/logo\\\/image\\\/\"}}]}<\/script>\n<!-- \/ Yoast SEO plugin. -->","yoast_head_json":{"title":"Confidentialit\u00e9 - Camping Grimbergen","robots":{"index":"index","follow":"follow","max-snippet":"max-snippet:-1","max-image-preview":"max-image-preview:large","max-video-preview":"max-video-preview:-1"},"canonical":"https:\/\/campinggrimbergen.be\/fr\/confidentialite\/","og_locale":"fr_FR","og_type":"article","og_title":"Confidentialit\u00e9 - Camping Grimbergen","og_description":"Confidentialit\u00e9 et cookies Le Camping Grimbergen, dont le si\u00e8ge social est situ\u00e9 Veldkantstraat 64, 1850 Grimbergen, s&rsquo;engage \u00e0 respecter et \u00e0 se conformer scrupuleusement \u00e0 la l\u00e9gislation europ\u00e9enne AVG (General Data Protection Regulation)\u00b9 sur la protection des donn\u00e9es \u00e0 caract\u00e8re personnel. Ce r\u00e8glement s&rsquo;applique \u00e0 partir du 25 mai 2018. a Les donn\u00e9es personnelles seront [&hellip;]","og_url":"https:\/\/campinggrimbergen.be\/fr\/confidentialite\/","og_site_name":"Camping Grimbergen","article_modified_time":"2024-02-06T09:22:47+00:00","twitter_card":"summary_large_image","twitter_misc":{"Dur\u00e9e de lecture estim\u00e9e":"3 minutes"},"schema":{"@context":"https:\/\/schema.org","@graph":[{"@type":"WebPage","@id":"https:\/\/campinggrimbergen.be\/fr\/confidentialite\/","url":"https:\/\/campinggrimbergen.be\/fr\/confidentialite\/","name":"Confidentialit\u00e9 - Camping Grimbergen","isPartOf":{"@id":"https:\/\/campinggrimbergen.be\/fr\/#website"},"datePublished":"2020-01-06T14:50:32+00:00","dateModified":"2024-02-06T09:22:47+00:00","breadcrumb":{"@id":"https:\/\/campinggrimbergen.be\/fr\/confidentialite\/#breadcrumb"},"inLanguage":"fr-FR","potentialAction":[{"@type":"ReadAction","target":["https:\/\/campinggrimbergen.be\/fr\/confidentialite\/"]}]},{"@type":"BreadcrumbList","@id":"https:\/\/campinggrimbergen.be\/fr\/confidentialite\/#breadcrumb","itemListElement":[{"@type":"ListItem","position":1,"name":"Home","item":"https:\/\/campinggrimbergen.be\/fr\/"},{"@type":"ListItem","position":2,"name":"Confidentialit\u00e9"}]},{"@type":"WebSite","@id":"https:\/\/campinggrimbergen.be\/fr\/#website","url":"https:\/\/campinggrimbergen.be\/fr\/","name":"Camping Grimbergen","description":"","publisher":{"@id":"https:\/\/campinggrimbergen.be\/fr\/#organization"},"potentialAction":[{"@type":"SearchAction","target":{"@type":"EntryPoint","urlTemplate":"https:\/\/campinggrimbergen.be\/fr\/?s={search_term_string}"},"query-input":{"@type":"PropertyValueSpecification","valueRequired":true,"valueName":"search_term_string"}}],"inLanguage":"fr-FR"},{"@type":"Organization","@id":"https:\/\/campinggrimbergen.be\/fr\/#organization","name":"Camping Grimbergen","url":"https:\/\/campinggrimbergen.be\/fr\/","logo":{"@type":"ImageObject","inLanguage":"fr-FR","@id":"https:\/\/campinggrimbergen.be\/fr\/#\/schema\/logo\/image\/","url":"https:\/\/campinggrimbergen.be\/wp-content\/uploads\/2022\/07\/logo.svg","contentUrl":"https:\/\/campinggrimbergen.be\/wp-content\/uploads\/2022\/07\/logo.svg","width":369,"height":52,"caption":"Camping Grimbergen"},"image":{"@id":"https:\/\/campinggrimbergen.be\/fr\/#\/schema\/logo\/image\/"}}]}},"_links":{"self":[{"href":"https:\/\/campinggrimbergen.be\/fr\/wp-json\/wp\/v2\/pages\/1445","targetHints":{"allow":["GET"]}}],"collection":[{"href":"https:\/\/campinggrimbergen.be\/fr\/wp-json\/wp\/v2\/pages"}],"about":[{"href":"https:\/\/campinggrimbergen.be\/fr\/wp-json\/wp\/v2\/types\/page"}],"author":[{"embeddable":true,"href":"https:\/\/campinggrimbergen.be\/fr\/wp-json\/wp\/v2\/users\/2"}],"replies":[{"embeddable":true,"href":"https:\/\/campinggrimbergen.be\/fr\/wp-json\/wp\/v2\/comments?post=1445"}],"version-history":[{"count":1,"href":"https:\/\/campinggrimbergen.be\/fr\/wp-json\/wp\/v2\/pages\/1445\/revisions"}],"predecessor-version":[{"id":1446,"href":"https:\/\/campinggrimbergen.be\/fr\/wp-json\/wp\/v2\/pages\/1445\/revisions\/1446"}],"wp:attachment":[{"href":"https:\/\/campinggrimbergen.be\/fr\/wp-json\/wp\/v2\/media?parent=1445"}],"curies":[{"name":"wp","href":"https:\/\/api.w.org\/{rel}","templated":true}]}}