{"id":896,"date":"2023-12-29T10:30:36","date_gmt":"2023-12-29T09:30:36","guid":{"rendered":"https:\/\/campinggrimbergen.be\/reglement\/"},"modified":"2024-02-06T08:51:00","modified_gmt":"2024-02-06T07:51:00","slug":"reglement","status":"publish","type":"page","link":"https:\/\/campinggrimbergen.be\/fr\/reglement\/","title":{"rendered":"R\u00e8glement"},"content":{"rendered":"\t\t<div data-elementor-type=\"wp-page\" data-elementor-id=\"896\" class=\"elementor elementor-896 elementor-873\" data-elementor-post-type=\"page\">\n\t\t\t\t<div class=\"elementor-element elementor-element-3de096a e-flex e-con-boxed e-con e-parent\" data-id=\"3de096a\" data-element_type=\"container\" data-e-type=\"container\" data-settings=\"{&quot;background_background&quot;:&quot;classic&quot;}\">\n\t\t\t\t\t<div class=\"e-con-inner\">\n\t\t\t\t<div class=\"elementor-element elementor-element-893b42d elementor-widget elementor-widget-text-editor\" data-id=\"893b42d\" data-element_type=\"widget\" data-e-type=\"widget\" data-widget_type=\"text-editor.default\">\n\t\t\t\t<div class=\"elementor-widget-container\">\n\t\t\t\t\t\t\t\t\t<h1 class=\"w-text \">R\u00e8glement d\u2019ordre int\u00e9rieur du camping<\/h1>\n\t\t\t\t\t\t\t\t<\/div>\n\t\t\t\t<\/div>\n\t\t\t\t<div class=\"elementor-element elementor-element-da279a2 elementor-widget elementor-widget-text-editor\" data-id=\"da279a2\" data-element_type=\"widget\" data-e-type=\"widget\" data-widget_type=\"text-editor.default\">\n\t\t\t\t<div class=\"elementor-widget-container\">\n\t\t\t\t\t\t\t\t\t<div id=\"webs-bin-5564347c0cf2e2c702592c0f\" class=\"webs-bin\">\n<div class=\"webs-bin-wrap\">\n<div class=\"webs-container webs-module-title w-title-default\">\n<p><strong><span class=\"wz-bold\">Mise \u00e0 jour COVID-19 (03\/2022) :<\/span><\/strong><\/p>\n<p>Le camping est \u00e0 nouveau ouvert. Toutes les installations peuvent \u00eatre utilis\u00e9es et toutes les mesures de s\u00e9curit\u00e9 ont \u00e9t\u00e9 lev\u00e9es.  <\/p>\n<\/div>\n<\/div>\n<\/div>\n\t\t\t\t\t\t\t\t<\/div>\n\t\t\t\t<\/div>\n\t\t\t\t<div class=\"elementor-element elementor-element-b568e11 elementor-widget elementor-widget-text-editor\" data-id=\"b568e11\" data-element_type=\"widget\" data-e-type=\"widget\" data-widget_type=\"text-editor.default\">\n\t\t\t\t<div class=\"elementor-widget-container\">\n\t\t\t\t\t\t\t\t\t<div id=\"webs-bin-5564347c0cf2e2c702592c0f\" class=\"webs-bin\">\n<div class=\"webs-bin-wrap\">\n<div class=\"webs-container webs-module-title w-title-default\">\n<p class=\"w-text \" style=\"text-align: left;\">1. Chaque campeur doit lire et conna\u00eetre le r\u00e8glement de police et le r\u00e8glement d\u2019ordre int\u00e9rieur.<\/p>\n<\/div>\n<\/div>\n<\/div>\n<div id=\"webs-bin-5564347c0cf2e2c702592c10\" class=\"webs-bin\">\n<div class=\"webs-bin-wrap\">\n<div class=\"webs-container webs-module-text \">\n<div class=\"webs-text \">\n<p>2. Les campeurs ainsi que les visiteurs sont tenus, sous peine de sanctions pr\u00e9vues par la loi, de se pr\u00e9senter d\u00e8s leur arriv\u00e9e pour l&rsquo;enregistrement. Les campeurs sont \u00e9galement tenus de signaler leur d\u00e9part, faute de quoi ils seront r\u00e9put\u00e9s avoir pass\u00e9 la nuit sur le terrain de camping. <\/p>\n<p>3. Le propri\u00e9taire ou le locataire d&rsquo;une tente, d&rsquo;une caravane ou d&rsquo;un mobil-home est personnellement responsable de l&rsquo;enregistrement des personnes qui passent la nuit sous son toit.<\/p>\n<p>4. Le g\u00e9rant du camping, ou son d\u00e9l\u00e9gu\u00e9, se r\u00e9serve le droit de refuser \u00e0 tout moment l&rsquo;acc\u00e8s \u00e0 son terrain de camping \u00e0 toute personne ind\u00e9sirable.<\/p>\n<p>5. Tout dommage sera indemnis\u00e9 par son auteur. Les parents ou ceux qui les remplacent sont \u00e0 tout moment responsables du comportement de leurs enfants. Tous les jeux dangereux et\/ou g\u00eanants sont interdits. La possession d&rsquo;armes sur le terrain de camping est interdite.   <\/p>\n<p>6. La vente de marchandises et\/ou de boissons ainsi que la distribution de mat\u00e9riel imprim\u00e9 sont interdites, sauf avec l&rsquo;autorisation expresse du g\u00e9rant.<\/p>\n<p>7. L&rsquo;attitude, la tenue vestimentaire, le comportement et\/ou les disputes ne doivent pas \u00eatre offensants.<\/p>\n<p>8. Tout ce qui est susceptible de porter atteinte \u00e0 la s\u00e9curit\u00e9, l&rsquo;hygi\u00e8ne, l&rsquo;ordre et le calme est interdit, en particulier pendant les heures de repos nocturne, de 22 heures \u00e0 8 heures le lendemain matin. Chacun veillera \u00e0 ce que sa radio ou tout autre appareil audio ne d\u00e9range personne.  <\/p>\n<p>9. Les campeurs sont responsables de l&rsquo;ordre, de la biens\u00e9ance ainsi que de la propret\u00e9 \u00e0 l&rsquo;int\u00e9rieur et autour de leur tente, caravane ou mobil-home.<\/p>\n<p>10. La cr\u00e9ation de trous ou foss\u00e9s autour des emplacements est formellement interdite.<\/p>\n<p>11. Dans le b\u00e2timent sanitaire, les campeurs se comporteront de mani\u00e8re \u00e0 laisser les installations dans l&rsquo;\u00e9tat dans lequel ils les ont trouv\u00e9es. L&rsquo;utilisation de papier hygi\u00e9nique est obligatoire. <\/p>\n<p>12. Tous les d\u00e9chets doivent \u00eatre jet\u00e9s dans les dispositifs pr\u00e9vus \u00e0 cet effet.<\/p>\n<p>13. Les emplacements doivent \u00eatre vides et propres avant le d\u00e9part.<\/p>\n<p>14. Tout dommage ou accident sera signal\u00e9 sans d\u00e9lai au g\u00e9rant ou \u00e0 son d\u00e9l\u00e9gu\u00e9. Une trousse de secours est disponible \u00e0 la r\u00e9ception. Des extincteurs sont disponibles \u00e0 tout moment en cas d&rsquo;urgence.  <\/p>\n<p>15. Les animaux de compagnie doivent \u00eatre tenus en laisse en permanence. La vaccination contre la rage est une obligation l\u00e9gale. <\/p>\n<p>16. Respectez la v\u00e9g\u00e9tation. Il est interdit d&rsquo;attacher des cordes aux arbres. Le s\u00e9chage du linge doit se faire de mani\u00e8re discr\u00e8te.  <\/p>\n<p>17. Chaque campeur acceptera l&#8217;emplacement qui lui est attribu\u00e9 pour installer son \u00e9quipement ou v\u00e9hicule.<\/p>\n<p>18. Les limitations de vitesse impos\u00e9es sur le site doivent \u00eatre respect\u00e9es.<\/p>\n<p>19. Le stationnement sur les voies d&rsquo;acc\u00e8s et les chemins internes est interdit. <\/p>\n<\/div>\n<\/div>\n<\/div>\n<\/div>\n\t\t\t\t\t\t\t\t<\/div>\n\t\t\t\t<\/div>\n\t\t\t\t\t<\/div>\n\t\t\t\t<\/div>\n\t\t\t\t<\/div>\n\t\t","protected":false},"excerpt":{"rendered":"<p>R\u00e8glement d\u2019ordre int\u00e9rieur du camping Mise \u00e0 jour COVID-19 (03\/2022) : Le camping est \u00e0 nouveau ouvert. Toutes les installations peuvent \u00eatre utilis\u00e9es et toutes les mesures de s\u00e9curit\u00e9 ont \u00e9t\u00e9 lev\u00e9es. 1. Chaque campeur doit lire et conna\u00eetre le r\u00e8glement de police et le r\u00e8glement d\u2019ordre int\u00e9rieur. 2. Les campeurs ainsi que les visiteurs [&hellip;]<\/p>\n","protected":false},"author":2,"featured_media":0,"parent":0,"menu_order":0,"comment_status":"closed","ping_status":"closed","template":"","meta":{"footnotes":""},"class_list":["post-896","page","type-page","status-publish","hentry"],"yoast_head":"<!-- This site is optimized with the Yoast SEO plugin v27.5 - https:\/\/yoast.com\/product\/yoast-seo-wordpress\/ -->\n<title>R\u00e8glement - Camping Grimbergen<\/title>\n<meta name=\"robots\" content=\"index, follow, max-snippet:-1, max-image-preview:large, max-video-preview:-1\" \/>\n<link rel=\"canonical\" href=\"https:\/\/campinggrimbergen.be\/fr\/reglement\/\" \/>\n<meta property=\"og:locale\" content=\"fr_FR\" \/>\n<meta property=\"og:type\" content=\"article\" \/>\n<meta property=\"og:title\" content=\"R\u00e8glement - Camping Grimbergen\" \/>\n<meta property=\"og:description\" content=\"R\u00e8glement d\u2019ordre int\u00e9rieur du camping Mise \u00e0 jour COVID-19 (03\/2022) : Le camping est \u00e0 nouveau ouvert. Toutes les installations peuvent \u00eatre utilis\u00e9es et toutes les mesures de s\u00e9curit\u00e9 ont \u00e9t\u00e9 lev\u00e9es. 1. Chaque campeur doit lire et conna\u00eetre le r\u00e8glement de police et le r\u00e8glement d\u2019ordre int\u00e9rieur. 2. Les campeurs ainsi que les visiteurs [&hellip;]\" \/>\n<meta property=\"og:url\" content=\"https:\/\/campinggrimbergen.be\/fr\/reglement\/\" \/>\n<meta property=\"og:site_name\" content=\"Camping Grimbergen\" \/>\n<meta property=\"article:modified_time\" content=\"2024-02-06T07:51:00+00:00\" \/>\n<meta name=\"twitter:card\" content=\"summary_large_image\" \/>\n<meta name=\"twitter:label1\" content=\"Dur\u00e9e de lecture estim\u00e9e\" \/>\n\t<meta name=\"twitter:data1\" content=\"3 minutes\" \/>\n<script type=\"application\/ld+json\" class=\"yoast-schema-graph\">{\"@context\":\"https:\\\/\\\/schema.org\",\"@graph\":[{\"@type\":\"WebPage\",\"@id\":\"https:\\\/\\\/campinggrimbergen.be\\\/fr\\\/reglement\\\/\",\"url\":\"https:\\\/\\\/campinggrimbergen.be\\\/fr\\\/reglement\\\/\",\"name\":\"R\u00e8glement - Camping Grimbergen\",\"isPartOf\":{\"@id\":\"https:\\\/\\\/campinggrimbergen.be\\\/fr\\\/#website\"},\"datePublished\":\"2023-12-29T09:30:36+00:00\",\"dateModified\":\"2024-02-06T07:51:00+00:00\",\"breadcrumb\":{\"@id\":\"https:\\\/\\\/campinggrimbergen.be\\\/fr\\\/reglement\\\/#breadcrumb\"},\"inLanguage\":\"fr-FR\",\"potentialAction\":[{\"@type\":\"ReadAction\",\"target\":[\"https:\\\/\\\/campinggrimbergen.be\\\/fr\\\/reglement\\\/\"]}]},{\"@type\":\"BreadcrumbList\",\"@id\":\"https:\\\/\\\/campinggrimbergen.be\\\/fr\\\/reglement\\\/#breadcrumb\",\"itemListElement\":[{\"@type\":\"ListItem\",\"position\":1,\"name\":\"Home\",\"item\":\"https:\\\/\\\/campinggrimbergen.be\\\/fr\\\/\"},{\"@type\":\"ListItem\",\"position\":2,\"name\":\"R\u00e8glement\"}]},{\"@type\":\"WebSite\",\"@id\":\"https:\\\/\\\/campinggrimbergen.be\\\/fr\\\/#website\",\"url\":\"https:\\\/\\\/campinggrimbergen.be\\\/fr\\\/\",\"name\":\"Camping Grimbergen\",\"description\":\"\",\"publisher\":{\"@id\":\"https:\\\/\\\/campinggrimbergen.be\\\/fr\\\/#organization\"},\"potentialAction\":[{\"@type\":\"SearchAction\",\"target\":{\"@type\":\"EntryPoint\",\"urlTemplate\":\"https:\\\/\\\/campinggrimbergen.be\\\/fr\\\/?s={search_term_string}\"},\"query-input\":{\"@type\":\"PropertyValueSpecification\",\"valueRequired\":true,\"valueName\":\"search_term_string\"}}],\"inLanguage\":\"fr-FR\"},{\"@type\":\"Organization\",\"@id\":\"https:\\\/\\\/campinggrimbergen.be\\\/fr\\\/#organization\",\"name\":\"Camping Grimbergen\",\"url\":\"https:\\\/\\\/campinggrimbergen.be\\\/fr\\\/\",\"logo\":{\"@type\":\"ImageObject\",\"inLanguage\":\"fr-FR\",\"@id\":\"https:\\\/\\\/campinggrimbergen.be\\\/fr\\\/#\\\/schema\\\/logo\\\/image\\\/\",\"url\":\"https:\\\/\\\/campinggrimbergen.be\\\/wp-content\\\/uploads\\\/2022\\\/07\\\/logo.svg\",\"contentUrl\":\"https:\\\/\\\/campinggrimbergen.be\\\/wp-content\\\/uploads\\\/2022\\\/07\\\/logo.svg\",\"width\":369,\"height\":52,\"caption\":\"Camping Grimbergen\"},\"image\":{\"@id\":\"https:\\\/\\\/campinggrimbergen.be\\\/fr\\\/#\\\/schema\\\/logo\\\/image\\\/\"}}]}<\/script>\n<!-- \/ Yoast SEO plugin. -->","yoast_head_json":{"title":"R\u00e8glement - Camping Grimbergen","robots":{"index":"index","follow":"follow","max-snippet":"max-snippet:-1","max-image-preview":"max-image-preview:large","max-video-preview":"max-video-preview:-1"},"canonical":"https:\/\/campinggrimbergen.be\/fr\/reglement\/","og_locale":"fr_FR","og_type":"article","og_title":"R\u00e8glement - Camping Grimbergen","og_description":"R\u00e8glement d\u2019ordre int\u00e9rieur du camping Mise \u00e0 jour COVID-19 (03\/2022) : Le camping est \u00e0 nouveau ouvert. Toutes les installations peuvent \u00eatre utilis\u00e9es et toutes les mesures de s\u00e9curit\u00e9 ont \u00e9t\u00e9 lev\u00e9es. 1. Chaque campeur doit lire et conna\u00eetre le r\u00e8glement de police et le r\u00e8glement d\u2019ordre int\u00e9rieur. 2. Les campeurs ainsi que les visiteurs [&hellip;]","og_url":"https:\/\/campinggrimbergen.be\/fr\/reglement\/","og_site_name":"Camping Grimbergen","article_modified_time":"2024-02-06T07:51:00+00:00","twitter_card":"summary_large_image","twitter_misc":{"Dur\u00e9e de lecture estim\u00e9e":"3 minutes"},"schema":{"@context":"https:\/\/schema.org","@graph":[{"@type":"WebPage","@id":"https:\/\/campinggrimbergen.be\/fr\/reglement\/","url":"https:\/\/campinggrimbergen.be\/fr\/reglement\/","name":"R\u00e8glement - Camping Grimbergen","isPartOf":{"@id":"https:\/\/campinggrimbergen.be\/fr\/#website"},"datePublished":"2023-12-29T09:30:36+00:00","dateModified":"2024-02-06T07:51:00+00:00","breadcrumb":{"@id":"https:\/\/campinggrimbergen.be\/fr\/reglement\/#breadcrumb"},"inLanguage":"fr-FR","potentialAction":[{"@type":"ReadAction","target":["https:\/\/campinggrimbergen.be\/fr\/reglement\/"]}]},{"@type":"BreadcrumbList","@id":"https:\/\/campinggrimbergen.be\/fr\/reglement\/#breadcrumb","itemListElement":[{"@type":"ListItem","position":1,"name":"Home","item":"https:\/\/campinggrimbergen.be\/fr\/"},{"@type":"ListItem","position":2,"name":"R\u00e8glement"}]},{"@type":"WebSite","@id":"https:\/\/campinggrimbergen.be\/fr\/#website","url":"https:\/\/campinggrimbergen.be\/fr\/","name":"Camping Grimbergen","description":"","publisher":{"@id":"https:\/\/campinggrimbergen.be\/fr\/#organization"},"potentialAction":[{"@type":"SearchAction","target":{"@type":"EntryPoint","urlTemplate":"https:\/\/campinggrimbergen.be\/fr\/?s={search_term_string}"},"query-input":{"@type":"PropertyValueSpecification","valueRequired":true,"valueName":"search_term_string"}}],"inLanguage":"fr-FR"},{"@type":"Organization","@id":"https:\/\/campinggrimbergen.be\/fr\/#organization","name":"Camping Grimbergen","url":"https:\/\/campinggrimbergen.be\/fr\/","logo":{"@type":"ImageObject","inLanguage":"fr-FR","@id":"https:\/\/campinggrimbergen.be\/fr\/#\/schema\/logo\/image\/","url":"https:\/\/campinggrimbergen.be\/wp-content\/uploads\/2022\/07\/logo.svg","contentUrl":"https:\/\/campinggrimbergen.be\/wp-content\/uploads\/2022\/07\/logo.svg","width":369,"height":52,"caption":"Camping Grimbergen"},"image":{"@id":"https:\/\/campinggrimbergen.be\/fr\/#\/schema\/logo\/image\/"}}]}},"_links":{"self":[{"href":"https:\/\/campinggrimbergen.be\/fr\/wp-json\/wp\/v2\/pages\/896","targetHints":{"allow":["GET"]}}],"collection":[{"href":"https:\/\/campinggrimbergen.be\/fr\/wp-json\/wp\/v2\/pages"}],"about":[{"href":"https:\/\/campinggrimbergen.be\/fr\/wp-json\/wp\/v2\/types\/page"}],"author":[{"embeddable":true,"href":"https:\/\/campinggrimbergen.be\/fr\/wp-json\/wp\/v2\/users\/2"}],"replies":[{"embeddable":true,"href":"https:\/\/campinggrimbergen.be\/fr\/wp-json\/wp\/v2\/comments?post=896"}],"version-history":[{"count":4,"href":"https:\/\/campinggrimbergen.be\/fr\/wp-json\/wp\/v2\/pages\/896\/revisions"}],"predecessor-version":[{"id":1405,"href":"https:\/\/campinggrimbergen.be\/fr\/wp-json\/wp\/v2\/pages\/896\/revisions\/1405"}],"wp:attachment":[{"href":"https:\/\/campinggrimbergen.be\/fr\/wp-json\/wp\/v2\/media?parent=896"}],"curies":[{"name":"wp","href":"https:\/\/api.w.org\/{rel}","templated":true}]}}